{"id":538,"date":"2019-04-11T09:04:59","date_gmt":"2019-04-11T07:04:59","guid":{"rendered":"https:\/\/quartumcenter.com\/datenschutzerklaerung\/"},"modified":"2025-01-30T14:35:33","modified_gmt":"2025-01-30T13:35:33","slug":"politique-de-confidentialite","status":"publish","type":"page","link":"https:\/\/quartumcenter.com\/fr\/politique-de-confidentialite\/","title":{"rendered":"Politique de confidentialit\u00e9"},"content":{"rendered":"\r\n<h1 class=\"wp-block-heading\">Politique de confidentialit\u00e9<\/h1>\r\n<article id=\"post-3\" class=\"post-3 page type-page status-publish hentry\">\r\n<h2>Donn\u00e9es de base<\/h2>\r\n<p>Le responsable de la collecte, du traitement et de l&rsquo;utilisation de vos donn\u00e9es personnelles au sens de l&rsquo;article 4 n\u00b0 7 du RGPD est<\/p>\r\n<p>Quartum Business Center \/ Esco AG<br \/>H\u00fctte 79<br \/>B-4700 Eupen<br \/>T. : +32 (0) 87 56 96 56 <br \/>E. : info@quartumcenter.com<\/p>\r\n<p>Si vous souhaitez vous opposer \u00e0 la collecte, au traitement ou \u00e0 l&rsquo;utilisation de vos donn\u00e9es par nos soins conform\u00e9ment \u00e0 la pr\u00e9sente politique de confidentialit\u00e9, dans son ensemble ou pour certaines mesures, vous pouvez adresser votre opposition au responsable.<\/p>\r\n<p>La pr\u00e9sente d\u00e9claration de protection des donn\u00e9es a pour but d&rsquo;informer les utilisateurs de ce site web sur la nature, l&rsquo;\u00e9tendue et la finalit\u00e9 de la collecte et de l&rsquo;utilisation des donn\u00e9es personnelles par l&rsquo;exploitant du site web.<\/p>\r\n<p>L&rsquo;exploitant du site web prend votre protection des donn\u00e9es tr\u00e8s au s\u00e9rieux et traite vos donn\u00e9es personnelles de mani\u00e8re confidentielle et conform\u00e9ment aux dispositions l\u00e9gales. Comme les nouvelles technologies et le d\u00e9veloppement constant de ce site web peuvent entra\u00eener des modifications de cette d\u00e9claration de protection des donn\u00e9es, nous vous recommandons de la relire \u00e0 intervalles r\u00e9guliers.<\/p>\r\n<p>Vous trouverez les d\u00e9finitions des termes utilis\u00e9s (par ex. \u00ab donn\u00e9es \u00e0 caract\u00e8re personnel \u00bb ou \u00ab traitement \u00bb) \u00e0 l&rsquo;article 4 du RGPD.<\/p>\r\n<h2>Effacement des donn\u00e9es et dur\u00e9e de conservation<\/h2>\r\n<p>Les donn\u00e9es \u00e0 caract\u00e8re personnel de la personne concern\u00e9e sont effac\u00e9es ou bloqu\u00e9es d\u00e8s que la finalit\u00e9 du stockage n&rsquo;est plus d&rsquo;actualit\u00e9. Un stockage peut \u00e9galement avoir lieu si le l\u00e9gislateur europ\u00e9en ou national l&rsquo;a pr\u00e9vu dans des r\u00e8glements, des lois ou d&rsquo;autres dispositions du droit de l&rsquo;Union auxquelles le responsable est soumis. Les donn\u00e9es sont \u00e9galement bloqu\u00e9es ou effac\u00e9es lorsqu&rsquo;un d\u00e9lai de stockage prescrit par les normes mentionn\u00e9es expire, \u00e0 moins qu&rsquo;il ne soit n\u00e9cessaire de continuer \u00e0 les stocker pour la conclusion ou l&rsquo;ex\u00e9cution d&rsquo;un contrat.<\/p>\r\n<h2>Donn\u00e9es d&rsquo;acc\u00e8s<\/h2>\r\n<p>En raison de notre int\u00e9r\u00eat l\u00e9gitime (cf. article 6, paragraphe 1, point f du RGPD), nous, l&rsquo;exploitant du site web ou le fournisseur du site, collectons des donn\u00e9es sur les acc\u00e8s au site web et les enregistrons sous forme de \u00ab fichiers journaux du serveur \u00bb sur le serveur du site web. Les donn\u00e9es suivantes sont ainsi consign\u00e9es :<\/p>\r\n<ul>\r\n<li>Site web visit\u00e9<\/li>\r\n<li>Heure d&rsquo;acc\u00e8s<\/li>\r\n<li>Quantit\u00e9 de donn\u00e9es envoy\u00e9es en octets.<\/li>\r\n<li>Source\/renvoi \u00e0 partir duquel vous \u00eates arriv\u00e9 sur le site.<\/li>\r\n<li>Navigateur utilis\u00e9<\/li>\r\n<li>Syst\u00e8me d&rsquo;exploitation utilis\u00e9<\/li>\r\n<li>Adresse IP utilis\u00e9e<\/li>\r\n<\/ul>\r\n<p>Les fichiers journaux du serveur sont enregistr\u00e9s pendant une dur\u00e9e maximale de 180 jours, puis supprim\u00e9s. L&rsquo;enregistrement des donn\u00e9es est effectu\u00e9 pour des raisons de s\u00e9curit\u00e9, par exemple pour \u00e9lucider des cas d&rsquo;abus. Si des donn\u00e9es doivent \u00eatre conserv\u00e9es pour des raisons de preuve, elles sont exclues de la suppression jusqu&rsquo;\u00e0 ce que l&rsquo;incident soit d\u00e9finitivement clarifi\u00e9.<\/p>\r\n<p>La saisie des donn\u00e9es pour la mise \u00e0 disposition du site web et leur enregistrement dans des fichiers journaux sont absolument n\u00e9cessaires pour son fonctionnement. L&rsquo;utilisateur ne peut donc pas s&rsquo;y opposer.<\/p>\r\n<h2>Mesure de la port\u00e9e et cookies<\/h2>\r\n<p>Ce site Internet utilise des cookies pour la mesure d&rsquo;audience pseudonymis\u00e9e. Ceux-ci sont transmis au navigateur de l&rsquo;utilisateur par notre serveur ou par le serveur d&rsquo;un tiers. Les cookies sont de petits fichiers enregistr\u00e9s sur votre terminal. Votre navigateur acc\u00e8de \u00e0 ces fichiers. L&rsquo;utilisation de cookies permet d&rsquo;am\u00e9liorer la convivialit\u00e9 et la s\u00e9curit\u00e9 de ce site web.<\/p>\r\n<p>Si vous ne souhaitez pas que des cookies de mesure d&rsquo;audience soient enregistr\u00e9s sur votre terminal, vous pouvez vous opposer \u00e0 l&rsquo;utilisation de ces fichiers ici :<\/p>\r\n<ul>\r\n<li>Page de d\u00e9sactivation des cookies de l&rsquo;initiative de publicit\u00e9 en r\u00e9seau : http:\/\/optout.networkadvertising.org\/?c=1#!\/<\/li>\r\n<li>Page de d\u00e9sactivation des cookies du site am\u00e9ricain : http:\/\/optout.aboutads.info\/?c=2#!\/<\/li>\r\n<li>Page de d\u00e9sactivation des cookies du site europ\u00e9en : http:\/\/optout.networkadvertising.org\/?c=1#!\/<\/li>\r\n<\/ul>\r\n<p>Les navigateurs courants proposent une option de param\u00e9trage permettant de refuser les cookies. Remarque : l&rsquo;acc\u00e8s \u00e0 certaines fonctions de ce site web peut \u00eatre limit\u00e9 si vous effectuez les r\u00e9glages correspondants.<\/p>\r\n<p>Nous utilisons des cookies pour rendre notre site web plus convivial. Certains \u00e9l\u00e9ments de notre site Internet exigent que le navigateur appelant puisse \u00eatre identifi\u00e9, m\u00eame apr\u00e8s changement de page.<\/p>\r\n<p>Les donn\u00e9es suivantes sont alors enregistr\u00e9es et transmises dans les cookies :<\/p>\r\n<ul>\r\n<li>Param\u00e8tres de langue<\/li>\r\n<li>Articles dans un panier d&rsquo;achat<\/li>\r\n<li>Informations de connexion<\/li>\r\n<\/ul>\r\n<h2>Collecte et traitement des donn\u00e9es \u00e0 caract\u00e8re personnel<\/h2>\r\n<p>L&rsquo;exploitant du site internet ne collecte, n&rsquo;utilise et ne transmet vos donn\u00e9es personnelles que si la loi l&rsquo;y autorise ou si vous y avez consenti.<\/p>\r\n<p>Sont consid\u00e9r\u00e9es comme telles toutes les informations permettant de vous identifier et pouvant \u00eatre retrac\u00e9es jusqu&rsquo;\u00e0 vous, comme votre nom, votre adresse e-mail ou votre num\u00e9ro de t\u00e9l\u00e9phone.<\/p>\r\n<p>Vous pouvez \u00e9galement consulter ce site web sans fournir d&rsquo;informations personnelles. Afin d&rsquo;am\u00e9liorer notre offre en ligne, nous enregistrons toutefois (sans r\u00e9f\u00e9rence personnelle) vos donn\u00e9es d&rsquo;acc\u00e8s \u00e0 ce site web. Ces donn\u00e9es comprennent notamment le fichier demand\u00e9 ou le nom de votre fournisseur d&rsquo;acc\u00e8s Internet. L&rsquo;anonymisation des donn\u00e9es ne permet pas de tirer des conclusions sur votre personne.<\/p>\r\n<ol>\r\n<li>Quelles sont-elles ? &#8211; Nous traitons des donn\u00e9es \u00e0 caract\u00e8re personnel telles que le pr\u00e9nom, le nom, l&rsquo;adresse IP, l&rsquo;adresse e-mail, le lieu de r\u00e9sidence, le code postal et les donn\u00e9es de contenu du formulaire de contact.<\/li>\r\n<li>Comment ? &#8211; Nous ne traitons ces donn\u00e9es qu&rsquo;avec l&rsquo;autorisation expresse des utilisateurs concern\u00e9s et dans le respect des dispositions en vigueur en mati\u00e8re de protection des donn\u00e9es.<\/li>\r\n<li>Pourquoi ? &#8211; Le traitement des donn\u00e9es personnelles est effectu\u00e9 sur la base de notre int\u00e9r\u00eat l\u00e9gitime pour remplir les prestations convenues dans le contrat et pour optimiser notre offre en ligne.<\/li>\r\n<\/ol>\r\n<h2>Vous pouvez \u00e9galement nous contacter par e-mail via le formulaire de contact.<\/h2>\r\n<p>Notre site Internet comporte un formulaire de contact qui peut \u00eatre utilis\u00e9 pour nous contacter par e-mail. Si vous choisissez cette option, les donn\u00e9es saisies dans le formulaire nous sont transmises et enregistr\u00e9es.<\/p>\r\n<p>Il est \u00e9galement possible de nous contacter via l&rsquo;adresse e-mail mise \u00e0 disposition. Dans ce cas, les donn\u00e9es personnelles de l&rsquo;utilisateur sont enregistr\u00e9es.<\/p>\r\n<p>Dans ce contexte, les donn\u00e9es ne sont pas transmises \u00e0 des tiers. Les donn\u00e9es sont utilis\u00e9es exclusivement pour le traitement de la conversation.<\/p>\r\n<p>En cas de consentement de l&rsquo;utilisateur, la base juridique pour le traitement des donn\u00e9es est l&rsquo;article 6, paragraphe 1, point a) du RGPD.<\/p>\r\n<p>La base juridique pour le traitement des donn\u00e9es transmises dans le cadre de l&rsquo;envoi d&rsquo;un e-mail est l&rsquo;article 6, paragraphe 1, point f du RGPD. Si le contact par e-mail vise \u00e0 conclure un contrat, la base juridique suppl\u00e9mentaire pour le traitement est l&rsquo;article 6, paragraphe 1, point b du RGPD.<\/p>\r\n<p>Le traitement des donn\u00e9es personnelles saisies dans le formulaire nous sert uniquement \u00e0 traiter votre demande. Dans le cas d&rsquo;une prise de contact par e-mail, ce traitement repose \u00e9galement sur l&rsquo;int\u00e9r\u00eat l\u00e9gitime.<br \/>Les autres donn\u00e9es personnelles trait\u00e9es pendant le processus d&rsquo;envoi visent \u00e0 emp\u00eacher toute utilisation abusive du formulaire de contact et \u00e0 garantir la s\u00e9curit\u00e9 de nos syst\u00e8mes informatiques.<\/p>\r\n<p>Les donn\u00e9es sont supprim\u00e9es d\u00e8s qu&rsquo;elles ne sont plus n\u00e9cessaires \u00e0 la r\u00e9alisation de l&rsquo;objectif pour lequel elles ont \u00e9t\u00e9 collect\u00e9es. Pour les donn\u00e9es personnelles issues du masque de saisie du formulaire de contact et celles qui ont \u00e9t\u00e9 envoy\u00e9es par e-mail, cela est le cas lorsque la conversation respective avec l&rsquo;utilisateur est termin\u00e9e. La conversation est consid\u00e9r\u00e9e comme termin\u00e9e lorsque les circonstances indiquent que les faits concern\u00e9s ont \u00e9t\u00e9 d\u00e9finitivement clarifi\u00e9s.<\/p>\r\n<p>L&rsquo;utilisateur a la possibilit\u00e9 de r\u00e9voquer \u00e0 tout moment son consentement au traitement de ses donn\u00e9es personnelles. Si l&rsquo;utilisateur prend contact avec nous par e-mail, il peut \u00e0 tout moment s&rsquo;opposer \u00e0 l&rsquo;enregistrement de ses donn\u00e9es personnelles. Dans un tel cas, la conversation ne peut pas \u00eatre poursuivie.<\/p>\r\n<h2>Google Analytics<\/h2>\r\n<p>Ce site internet utilise Google Analytics, un service propos\u00e9 par Google Inc. (1600 Amphitheatre Parkway Mountain View, CA 94043, USA), pour l&rsquo;optimisation et l&rsquo;analyse de notre offre en ligne au sens de l&rsquo;article 6, paragraphe 1, lettre f du RGPD, dans le cadre de nos int\u00e9r\u00eats l\u00e9gitimes. Ce service utilise des \u00ab cookies \u00bb &#8211; des fichiers texte qui sont enregistr\u00e9s sur votre terminal. Les informations collect\u00e9es par les cookies sont g\u00e9n\u00e9ralement envoy\u00e9es \u00e0 un serveur Google aux \u00c9tats-Unis et y sont stock\u00e9es pendant 14 mois.<\/p>\r\n<p>Google LLC respecte la l\u00e9gislation europ\u00e9enne en mati\u00e8re de protection des donn\u00e9es et est certifi\u00e9 dans le cadre de l&rsquo;accord Privacy Shield : https:\/\/www.privacyshield.gov\/participant?id=a2zt000000001L5AAI&amp;status=Active.<\/p>\r\n<p>Sur ce site web, l&rsquo;anonymisation IP est appliqu\u00e9e. L&rsquo;adresse IP des utilisateurs est raccourcie au sein des \u00c9tats membres de l&rsquo;UE et de l&rsquo;Espace \u00e9conomique europ\u00e9en, ainsi que dans les autres \u00c9tats signataires de l&rsquo;accord. Ce n&rsquo;est que dans des cas isol\u00e9s que l&rsquo;adresse IP est d&rsquo;abord transmise dans sa version non abr\u00e9g\u00e9e aux \u00c9tats-Unis \u00e0 un serveur de Google, o\u00f9 elle est abr\u00e9g\u00e9e. Gr\u00e2ce \u00e0 cette r\u00e9duction, toute r\u00e9f\u00e9rence personnelle \u00e0 votre adresse IP est supprim\u00e9e. L&rsquo;adresse IP de l&rsquo;utilisateur transmise par le navigateur n&rsquo;est pas combin\u00e9e \u00e0 d&rsquo;autres donn\u00e9es enregistr\u00e9es par Google.<\/p>\r\n<p>Dans le cadre de l&rsquo;accord sur les donn\u00e9es de commande que nous avons conclu en notre qualit\u00e9 d&rsquo;exploitant du site web avec Google Inc., cette derni\u00e8re \u00e9tablit, \u00e0 l&rsquo;aide des informations collect\u00e9es, une \u00e9valuation de l&rsquo;utilisation et de l&rsquo;activit\u00e9 du site web, et fournit des prestations de service li\u00e9es \u00e0 l&rsquo;utilisation d&rsquo;Internet.<\/p>\r\n<p>Les donn\u00e9es collect\u00e9es par Google en notre nom sont utilis\u00e9es pour \u00e9valuer l&rsquo;utilisation de notre offre en ligne par les diff\u00e9rents utilisateurs, par exemple pour \u00e9tablir des rapports sur l&rsquo;activit\u00e9 du site web et am\u00e9liorer notre offre en ligne.<\/p>\r\n<p>Vous avez la possibilit\u00e9 d&#8217;emp\u00eacher l&rsquo;enregistrement de cookies sur votre appareil en configurant les param\u00e8tres correspondants dans votre navigateur. Si votre navigateur n&rsquo;autorise pas les cookies, il se peut que vous ne puissiez pas acc\u00e9der \u00e0 toutes les fonctions de ce site web.<\/p>\r\n<p>Vous pouvez \u00e9galement emp\u00eacher, gr\u00e2ce \u00e0 un plug-in du navigateur, que les informations collect\u00e9es par les cookies (y compris votre adresse IP) soient envoy\u00e9es \u00e0 Google Inc. et utilis\u00e9es par cette derni\u00e8re. Le lien suivant vous m\u00e8ne au plugin correspondant : https:\/\/tools.google.com\/dlpage\/gaoptout?hl=de.<\/p>\r\n<p>Vous pouvez \u00e9galement emp\u00eacher Google Analytics de collecter des donn\u00e9es vous concernant sur ce site en cliquant sur le lien ci-dessus. En cliquant sur le lien ci-dessus, vous t\u00e9l\u00e9chargez un cookie d&rsquo;opt-out. Votre navigateur doit donc en principe autoriser l&rsquo;enregistrement de cookies. Si vous supprimez r\u00e9guli\u00e8rement vos cookies, vous devrez cliquer \u00e0 nouveau sur le lien \u00e0 chaque visite de ce site.<\/p>\r\n<p>Vous trouverez ici de plus amples informations sur l&rsquo;utilisation des donn\u00e9es par Google Inc.<\/p>\r\n<ul>\r\n<li>https:\/\/policies.google.com\/privacy\/partners?hl=de (donn\u00e9es collect\u00e9es par les partenaires de Google)<\/li>\r\n<li>https:\/\/adssettings.google.de\/authenticated (param\u00e8tres concernant les publicit\u00e9s qui vous sont pr\u00e9sent\u00e9es)<\/li>\r\n<li>https:\/\/policies.google.com\/technologies\/ads?hl=de (utilisation de cookies dans les annonces).<\/li>\r\n<\/ul>\r\n<p>Polices Web<\/p>\r\n<p>Nous int\u00e9grons \u00e0 notre site web des webfonts (polices de caract\u00e8res) propos\u00e9s par la soci\u00e9t\u00e9 Google Inc., 1600 Amphitheatre Parkway, Mountain View, CA 94043, \u00c9tats-Unis.<\/p>\r\n<p>Les donn\u00e9es suivantes sont transmises \u00e0 Google lors du chargement des polices :<\/p>\r\n<ul>\r\n<li>navigateur et version du navigateur ;<\/li>\r\n<li>H\u00f4te (site web) \u00e0 l&rsquo;origine de la demande.<\/li>\r\n<li>Syst\u00e8me d&rsquo;exploitation de l&rsquo;utilisateur<\/li>\r\n<li>R\u00e9solution de l&rsquo;\u00e9cran de l&rsquo;utilisateur.<\/li>\r\n<li>adresse IP de l&rsquo;utilisateur<\/li>\r\n<li>R\u00e9glages de la langue.<\/li>\r\n<\/ul>\r\n<\/article>\r\n","protected":false},"excerpt":{"rendered":"Politique de confidentialit\u00e9 Donn\u00e9es de base Le responsable de la collecte, du traitement et de l&rsquo;utilisation de vos donn\u00e9es personnelles au sens de l&rsquo;article 4 n\u00b0 7 du RGPD est Quartum Business Center \/ Esco AGH\u00fctte 79B-4700 EupenT. : +32 (0) 87 56 96 56 E. : info@quartumcenter.com Si vous souhaitez vous opposer \u00e0 la&#8230; <a class=\"view-article\" href=\"https:\/\/quartumcenter.com\/fr\/politique-de-confidentialite\/\">View Article<\/a>","protected":false},"author":1,"featured_media":0,"parent":0,"menu_order":0,"comment_status":"closed","ping_status":"closed","template":"modules\/datenschutzerkla\u0308rung.php","meta":{"_acf_changed":false,"inline_featured_image":false,"footnotes":""},"class_list":["post-538","page","type-page","status-publish","hentry"],"acf":[],"_links":{"self":[{"href":"https:\/\/quartumcenter.com\/fr\/wp-json\/wp\/v2\/pages\/538","targetHints":{"allow":["GET"]}}],"collection":[{"href":"https:\/\/quartumcenter.com\/fr\/wp-json\/wp\/v2\/pages"}],"about":[{"href":"https:\/\/quartumcenter.com\/fr\/wp-json\/wp\/v2\/types\/page"}],"author":[{"embeddable":true,"href":"https:\/\/quartumcenter.com\/fr\/wp-json\/wp\/v2\/users\/1"}],"replies":[{"embeddable":true,"href":"https:\/\/quartumcenter.com\/fr\/wp-json\/wp\/v2\/comments?post=538"}],"version-history":[{"count":5,"href":"https:\/\/quartumcenter.com\/fr\/wp-json\/wp\/v2\/pages\/538\/revisions"}],"predecessor-version":[{"id":712,"href":"https:\/\/quartumcenter.com\/fr\/wp-json\/wp\/v2\/pages\/538\/revisions\/712"}],"wp:attachment":[{"href":"https:\/\/quartumcenter.com\/fr\/wp-json\/wp\/v2\/media?parent=538"}],"curies":[{"name":"wp","href":"https:\/\/api.w.org\/{rel}","templated":true}]}}