{"id":527,"date":"2019-04-29T13:01:05","date_gmt":"2019-04-29T11:01:05","guid":{"rendered":"https:\/\/quartumcenter.com\/impressum\/"},"modified":"2025-01-30T14:51:25","modified_gmt":"2025-01-30T13:51:25","slug":"mentions-legales","status":"publish","type":"page","link":"https:\/\/quartumcenter.com\/fr\/mentions-legales\/","title":{"rendered":"Mentions l\u00e9gales"},"content":{"rendered":"<h3>Mentions l\u00e9gales<\/h3>\n<h3>\u00c9diteur responsable<\/h3>\n<p><strong>Quartum Business Center<\/strong><\/p>\n<p>H\u00fctte 79<br \/>\nB-4700 Eupen<br \/>\n+32 (0) 87 56 96 56<\/p>\n<p><a href=\"mailto:info@quartumcenter.com\">info@quartumcenter.com<\/a><br \/>\n<a href=\"https:\/\/quartumcenter.com\/fr\/\">quartumcenter.com<\/a><\/p>\n<p>Num\u00e9ro d&rsquo;entreprise:<br \/>\nESCO AG: 0459 664 588<br \/>\nHEDO AG: 0433 720 256<\/p>\n<h3>Realisation : Cloth Kreativbureau<\/h3>\n<p>Schnellewindgasse 8<br \/>\n4700 Eupen, Belgien<\/p>\n<p>T. +32 (0)87 333 554<\/p>\n<p>Mail:\u00a0<a href=\"mailto:info@cloth.be\">info@cloth.be<\/a><br \/>\nWeb:\u00a0<a href=\"https:\/\/cloth.be\/\">cloth.be<\/a><\/p>\n","protected":false},"excerpt":{"rendered":"Mentions l\u00e9gales \u00c9diteur responsable Quartum Business Center H\u00fctte 79 B-4700 Eupen +32 (0) 87 56 96 56 info@quartumcenter.com quartumcenter.com Num\u00e9ro d&rsquo;entreprise: ESCO AG: 0459 664 588 HEDO AG: 0433 720 256 Realisation : Cloth Kreativbureau Schnellewindgasse 8 4700 Eupen, Belgien T. +32 (0)87 333 554 Mail:\u00a0info@cloth.be Web:\u00a0cloth.be","protected":false},"author":1,"featured_media":0,"parent":0,"menu_order":0,"comment_status":"closed","ping_status":"closed","template":"modules\/impressum.php","meta":{"_acf_changed":false,"inline_featured_image":false,"footnotes":""},"class_list":["post-527","page","type-page","status-publish","hentry"],"acf":[],"_links":{"self":[{"href":"https:\/\/quartumcenter.com\/fr\/wp-json\/wp\/v2\/pages\/527","targetHints":{"allow":["GET"]}}],"collection":[{"href":"https:\/\/quartumcenter.com\/fr\/wp-json\/wp\/v2\/pages"}],"about":[{"href":"https:\/\/quartumcenter.com\/fr\/wp-json\/wp\/v2\/types\/page"}],"author":[{"embeddable":true,"href":"https:\/\/quartumcenter.com\/fr\/wp-json\/wp\/v2\/users\/1"}],"replies":[{"embeddable":true,"href":"https:\/\/quartumcenter.com\/fr\/wp-json\/wp\/v2\/comments?post=527"}],"version-history":[{"count":4,"href":"https:\/\/quartumcenter.com\/fr\/wp-json\/wp\/v2\/pages\/527\/revisions"}],"predecessor-version":[{"id":714,"href":"https:\/\/quartumcenter.com\/fr\/wp-json\/wp\/v2\/pages\/527\/revisions\/714"}],"wp:attachment":[{"href":"https:\/\/quartumcenter.com\/fr\/wp-json\/wp\/v2\/media?parent=527"}],"curies":[{"name":"wp","href":"https:\/\/api.w.org\/{rel}","templated":true}]}}